{"id":9,"date":"2025-01-13T09:44:32","date_gmt":"2025-01-13T09:44:32","guid":{"rendered":"https:\/\/conceptclimbing.nl\/?page_id=9"},"modified":"2025-04-10T11:03:39","modified_gmt":"2025-04-10T11:03:39","slug":"home","status":"publish","type":"page","link":"https:\/\/conceptclimbing.nl\/nl\/","title":{"rendered":"Home"},"content":{"rendered":"<div class=\"wp-block-cover alignfull is-light\" style=\"padding-top:2%;min-height:750px;aspect-ratio:unset;\"><span aria-hidden=\"true\" class=\"wp-block-cover__background has-white-background-color has-background-dim-70 has-background-dim\"><\/span><img loading=\"lazy\" decoding=\"async\" width=\"2560\" height=\"1707\" class=\"wp-block-cover__image-background wp-image-161\" alt=\"\" src=\"https:\/\/conceptclimbing.nl\/wp-content\/uploads\/2025\/01\/Kleurenschema-scaled.jpg\" style=\"object-position:48% 76%\" data-object-fit=\"cover\" data-object-position=\"48% 76%\" srcset=\"https:\/\/conceptclimbing.nl\/wp-content\/uploads\/2025\/01\/Kleurenschema-scaled.jpg 2560w, https:\/\/conceptclimbing.nl\/wp-content\/uploads\/2025\/01\/Kleurenschema-300x200.jpg 300w, https:\/\/conceptclimbing.nl\/wp-content\/uploads\/2025\/01\/Kleurenschema-1024x683.jpg 1024w, https:\/\/conceptclimbing.nl\/wp-content\/uploads\/2025\/01\/Kleurenschema-768x512.jpg 768w, https:\/\/conceptclimbing.nl\/wp-content\/uploads\/2025\/01\/Kleurenschema-1536x1024.jpg 1536w, https:\/\/conceptclimbing.nl\/wp-content\/uploads\/2025\/01\/Kleurenschema-2048x1366.jpg 2048w\" sizes=\"auto, (max-width: 2560px) 100vw, 2560px\" \/><div class=\"wp-block-cover__inner-container has-global-padding is-layout-constrained wp-container-core-cover-is-layout-1 wp-block-cover-is-layout-constrained\">\n<div class=\"wp-block-group alignwide is-vertical is-content-justification-center is-layout-flex wp-container-core-group-is-layout-4 wp-block-group-is-layout-flex\" style=\"min-height:35rem\">\n<h1 class=\"wp-block-heading has-text-align-center has-text-color\" style=\"color:#07277c;margin-top:10rem;margin-bottom:0rem;font-size:clamp(2.2rem, 2.2rem + ((1vw - 0.2rem) * 3.273), 4rem);font-style:normal;font-weight:1000;line-height:1.1;text-transform:uppercase\">Klimtrainingen<\/h1>\n\n\n\n<h2 class=\"wp-block-heading has-text-align-right has-custom-color-4-color has-text-color\" style=\"margin-top:0rem;margin-bottom:1.3rem;font-size:clamp(1.198rem, 1.198rem + ((1vw - 0.2rem) * 1.276), 1.9rem);font-style:italic;font-weight:600;line-height:1.1;text-transform:none\">van Christiane<\/h2>\n\n\n\n<div class=\"wp-block-group has-global-padding is-layout-constrained wp-container-core-group-is-layout-3 wp-block-group-is-layout-constrained\" style=\"padding-top:0;padding-right:0;padding-bottom:0;padding-left:0\">\n<h4 class=\"wp-block-heading has-text-align-center has-text-color\" style=\"color:#07277c;font-size:clamp(1.198rem, 1.198rem + ((1vw - 0.2rem) * 1.276), 1.9rem);\"><a href=\"https:\/\/conceptclimbing.nl\/nl\/mind-tricks\/\" data-type=\"page\" data-id=\"54\">Trainingsserie: Mind Tricks<\/a><\/h4>\n\n\n\n<p class=\"has-text-align-center has-medium-font-size\">Techniek &amp; mindset in 4 sessies, solo of in een klein groepje<\/p>\n\n\n\n<h4 class=\"wp-block-heading has-text-align-center\" style=\"font-size:clamp(1.198rem, 1.198rem + ((1vw - 0.2rem) * 1.276), 1.9rem);\"><a href=\"https:\/\/conceptclimbing.nl\/nl\/aanbod\/\" data-type=\"page\" data-id=\"14\">Priv\u00e9training<\/a><\/h4>\n\n\n\n<p class=\"has-text-align-center has-medium-font-size\">\u00c9\u00e9n op \u00e9\u00e9n training waar we ingaan op wat jij nodig hebt - techniek, tactiek, mindset, of fysieke training<\/p>\n\n\n\n<p class=\"has-text-align-center has-text-color has-link-color wp-elements-6205a83cde3bf114e7dfadfc9a385277\" style=\"color:#ffffff00\">&#8211;<\/p>\n\n\n\n<div class=\"wp-block-group is-vertical is-content-justification-stretch is-layout-flex wp-container-core-group-is-layout-2 wp-block-group-is-layout-flex\" style=\"margin-top:0rem;padding-right:0px;padding-left:0px\">\n<div class=\"wp-block-group has-global-padding is-content-justification-center is-layout-constrained wp-container-core-group-is-layout-1 wp-block-group-is-layout-constrained\" style=\"margin-top:0px\">\n<div class=\"wp-block-buttons is-horizontal is-content-justification-right is-layout-flex wp-container-core-buttons-is-layout-1 wp-block-buttons-is-layout-flex\" style=\"margin-top:0.21rem\">\n<div class=\"wp-block-button has-custom-width wp-block-button__width-100 has-custom-font-size is-style-fill\" style=\"font-size:clamp(0.875rem, 0.875rem + ((1vw - 0.2rem) * 0.609), 1.21rem);font-style:normal;font-weight:400;line-height:1;text-transform:capitalize\"><a class=\"wp-block-button__link has-custom-color-4-background-color has-text-color has-background wp-element-button\" href=\"https:\/\/conceptclimbing.nl\/nl\/contact\/\" style=\"border-style:none;border-width:0px;border-radius:1.33rem;color:#07277c;padding-top:1.1rem;padding-right:0.81rem;padding-bottom:1.1rem;padding-left:0.81rem\">Contact<\/a><\/div>\n<\/div>\n<\/div>\n<\/div>\n<\/div>\n<\/div>\n<\/div><\/div>\n\n\n\n<div class=\"wp-block-group alignfull has-global-padding is-layout-constrained wp-container-core-group-is-layout-11 wp-block-group-is-layout-constrained\" style=\"margin-top:0;margin-bottom:0;padding-top:5.51rem;padding-right:1rem;padding-bottom:3rem;padding-left:1rem\">\n<div class=\"wp-block-group alignwide has-global-padding is-layout-constrained wp-block-group-is-layout-constrained\" style=\"padding-bottom:1rem\">\n<h2 class=\"wp-block-heading has-text-align-center has-text-color\" style=\"color:#07277c;font-size:clamp(1.556rem, 1.556rem + ((1vw - 0.2rem) * 1.916), 2.61rem);font-style:normal;font-weight:600;line-height:1.5;text-transform:capitalize\">Aanbod<\/h2>\n<\/div>\n\n\n\n<div class=\"wp-block-group alignwide has-global-padding is-layout-constrained wp-container-core-group-is-layout-10 wp-block-group-is-layout-constrained\" style=\"margin-top:1.01rem\">\n<div class=\"wp-block-columns alignwide is-layout-flex wp-container-core-columns-is-layout-1 wp-block-columns-is-layout-flex\">\n<div class=\"wp-block-column has-global-padding is-layout-constrained wp-container-core-column-is-layout-1 wp-block-column-is-layout-constrained\" style=\"padding-bottom:2rem\">\n<div class=\"wp-block-group has-global-padding is-layout-constrained wp-container-core-group-is-layout-6 wp-block-group-is-layout-constrained\">\n<figure class=\"wp-block-image aligncenter size-full\"><img loading=\"lazy\" decoding=\"async\" width=\"1707\" height=\"2560\" src=\"https:\/\/conceptclimbing.nl\/wp-content\/uploads\/2025\/01\/matthew-hume-A1CkUUiQrME-unsplash-scaled.jpg\" alt=\"\" class=\"wp-image-26\" style=\"aspect-ratio:3\/4;object-fit:cover\" srcset=\"https:\/\/conceptclimbing.nl\/wp-content\/uploads\/2025\/01\/matthew-hume-A1CkUUiQrME-unsplash-scaled.jpg 1707w, https:\/\/conceptclimbing.nl\/wp-content\/uploads\/2025\/01\/matthew-hume-A1CkUUiQrME-unsplash-200x300.jpg 200w, https:\/\/conceptclimbing.nl\/wp-content\/uploads\/2025\/01\/matthew-hume-A1CkUUiQrME-unsplash-683x1024.jpg 683w, https:\/\/conceptclimbing.nl\/wp-content\/uploads\/2025\/01\/matthew-hume-A1CkUUiQrME-unsplash-768x1152.jpg 768w, https:\/\/conceptclimbing.nl\/wp-content\/uploads\/2025\/01\/matthew-hume-A1CkUUiQrME-unsplash-1024x1536.jpg 1024w, https:\/\/conceptclimbing.nl\/wp-content\/uploads\/2025\/01\/matthew-hume-A1CkUUiQrME-unsplash-1365x2048.jpg 1365w\" sizes=\"auto, (max-width: 1707px) 100vw, 1707px\" \/><\/figure>\n\n\n\n<h3 class=\"wp-block-heading has-text-align-center has-text-color\" style=\"color:#07277c;font-size:clamp(1.044rem, 1.044rem + ((1vw - 0.2rem) * 1.029), 1.61rem);font-style:normal;font-weight:600;line-height:1.4;text-transform:capitalize\"><a href=\"https:\/\/conceptclimbing.nl\/nl\/aanbod\/\" data-type=\"page\" data-id=\"14\">Priv\u00e9training<\/a><\/h3>\n<\/div>\n\n\n\n<div class=\"wp-block-group has-global-padding is-layout-constrained wp-container-core-group-is-layout-7 wp-block-group-is-layout-constrained\">\n<p class=\"has-text-align-center has-text-color\" style=\"color:#252525;margin-top:0rem;font-size:clamp(14px, 0.875rem + ((1vw - 3.2px) * 0.682), 20px);font-style:normal;font-weight:400;line-height:1.5\">Boek een trainingssessie om samen te kijken hoe je je klimmen kunt verbeteren. Werk aan bijvoorbeeld techniek of de meer mentale aspecten, zoals angst in de wand<\/p>\n<\/div>\n<\/div>\n\n\n\n<div class=\"wp-block-column has-global-padding is-content-justification-center is-layout-constrained wp-container-core-column-is-layout-2 wp-block-column-is-layout-constrained\" style=\"padding-bottom:2rem\">\n<div class=\"wp-block-group has-global-padding is-layout-constrained wp-container-core-group-is-layout-8 wp-block-group-is-layout-constrained\">\n<figure class=\"wp-block-image aligncenter size-full\"><img loading=\"lazy\" decoding=\"async\" width=\"2560\" height=\"1707\" src=\"https:\/\/conceptclimbing.nl\/wp-content\/uploads\/2025\/01\/Klim10-scaled.jpg\" alt=\"\" class=\"wp-image-158\" style=\"aspect-ratio:3\/4;object-fit:cover\" srcset=\"https:\/\/conceptclimbing.nl\/wp-content\/uploads\/2025\/01\/Klim10-scaled.jpg 2560w, https:\/\/conceptclimbing.nl\/wp-content\/uploads\/2025\/01\/Klim10-300x200.jpg 300w, https:\/\/conceptclimbing.nl\/wp-content\/uploads\/2025\/01\/Klim10-1024x683.jpg 1024w, https:\/\/conceptclimbing.nl\/wp-content\/uploads\/2025\/01\/Klim10-768x512.jpg 768w, https:\/\/conceptclimbing.nl\/wp-content\/uploads\/2025\/01\/Klim10-1536x1024.jpg 1536w, https:\/\/conceptclimbing.nl\/wp-content\/uploads\/2025\/01\/Klim10-2048x1365.jpg 2048w\" sizes=\"auto, (max-width: 2560px) 100vw, 2560px\" \/><\/figure>\n\n\n\n<h5 class=\"wp-block-heading has-text-align-center has-text-color\" style=\"color:#07277c;font-size:clamp(1.044rem, 1.044rem + ((1vw - 0.2rem) * 1.029), 1.61rem);font-style:normal;font-weight:600;line-height:1.4;text-transform:capitalize\"><a href=\"https:\/\/conceptclimbing.nl\/nl\/mind-tricks\/\" data-type=\"page\" data-id=\"54\">Trainingsserie: Mind Tricks<\/a><\/h5>\n<\/div>\n\n\n\n<div class=\"wp-block-group has-global-padding is-layout-constrained wp-container-core-group-is-layout-9 wp-block-group-is-layout-constrained\">\n<p class=\"has-text-align-center has-text-color\" style=\"color:#252525;margin-top:0rem;font-size:clamp(14px, 0.875rem + ((1vw - 3.2px) * 0.682), 20px);font-style:normal;font-weight:400;line-height:1.5\">Vier sessies over dynamisch en statisch klimmen, mind tricks, en een wedstrijdsimulatie waar je al je skills nodig hebt. Kan in een klein groepje of alleen!<\/p>\n<\/div>\n<\/div>\n<\/div>\n<\/div>\n<\/div>\n\n\n\n<section class=\"wp-block-group alignfull has-text-color has-background has-global-padding is-layout-constrained wp-container-core-group-is-layout-16 wp-block-group-is-layout-constrained\" style=\"color:#3e3e3e;background-color:#c6e3dd;margin-top:0rem;padding-right:1rem;padding-left:1rem;font-size:clamp(0.875rem, 0.875rem + ((1vw - 0.2rem) * 0.464), 1.13rem);font-style:normal;font-weight:400;line-height:1.5\">\n<div class=\"wp-block-group has-global-padding is-layout-constrained wp-container-core-group-is-layout-15 wp-block-group-is-layout-constrained\" style=\"padding-top:7.01rem;padding-bottom:7.01rem\">\n<h2 class=\"wp-block-heading has-text-align-center has-text-color\" style=\"color:#07277c;margin-bottom:3.01rem;font-size:clamp(1.605rem, 1.605rem + ((1vw - 0.2rem) * 2.009), 2.71rem);font-style:normal;font-weight:600;line-height:1.3;text-transform:capitalize\">Ervaringen<\/h2>\n\n\n\n<div class=\"wp-block-columns is-layout-flex wp-container-core-columns-is-layout-2 wp-block-columns-is-layout-flex\">\n<div class=\"wp-block-column has-global-padding is-layout-constrained wp-container-core-column-is-layout-3 wp-block-column-is-layout-constrained\">\n<div class=\"wp-block-group is-vertical is-content-justification-center is-layout-flex wp-container-core-group-is-layout-12 wp-block-group-is-layout-flex\" style=\"min-height:177px\">\n<p class=\"has-text-align-center has-text-color has-medium-font-size\" style=\"color:#212121\">De training van Christiane was waanzinnig leuk en leerzaam! Ik heb op een veilige en vertrouwde manier mijn eigen grenzen bij het klimmen kunnen ontdekken en verleggen. Echt een aanrader voor iedereen die verder wil komen als klimmer!<\/p>\n\n\n\n<p class=\"has-text-align-center has-text-color has-link-color wp-elements-a17ad79af597e571ff73bf511931ead4\" style=\"color:#161616;margin-top:25px;margin-bottom:0;font-size:0.85rem;font-style:normal;font-weight:500;line-height:1.5;text-transform:uppercase\">Maarten<\/p>\n<\/div>\n<\/div>\n\n\n\n<div class=\"wp-block-column has-global-padding is-layout-constrained wp-container-core-column-is-layout-4 wp-block-column-is-layout-constrained\">\n<div class=\"wp-block-group is-vertical is-content-justification-center is-layout-flex wp-container-core-group-is-layout-13 wp-block-group-is-layout-flex\" style=\"min-height:177px\">\n<p class=\"has-text-align-center has-text-color has-medium-font-size\" style=\"color:#212121\">Christiane is een fijne trainer, die met veel enthousiasme maar ook geduld klimmers van elk niveau nieuwe dingen kan aanleren<\/p>\n\n\n\n<p class=\"has-text-align-center has-text-color has-link-color wp-elements-f842de1da9c1f27fe24210e9ac13c175\" style=\"color:#161616;margin-top:0px;font-size:0.85rem;font-style:normal;font-weight:500;line-height:1.5;text-transform:uppercase\">melanie<\/p>\n<\/div>\n<\/div>\n\n\n\n<div class=\"wp-block-column has-global-padding is-layout-constrained wp-container-core-column-is-layout-5 wp-block-column-is-layout-constrained\">\n<div class=\"wp-block-group is-vertical is-content-justification-center is-layout-flex wp-container-core-group-is-layout-14 wp-block-group-is-layout-flex\" style=\"min-height:177px\">\n<p class=\"has-text-align-center has-text-color has-medium-font-size\" style=\"color:#212121\">Christiane zorgt ervoor dat je je grenzen op een veilige manier kunt verleggen, zonder dat je er zelf overheen hoeft te gaan. Door de oefeningen van klein naar groot aan te pakken, kom je stap voor stap verder. Ze biedt goede handvatten die ook in mijn verdere traject behulpzaam kunnen zijn.<br><\/p>\n\n\n\n<p class=\"has-text-align-center has-text-color has-link-color wp-elements-e216837b3c9cb8e39e19290f05adebc4\" style=\"color:#161616;margin-top:0px;font-size:0.85rem;font-style:normal;font-weight:500;line-height:1.5;text-transform:uppercase\">Maartje<\/p>\n<\/div>\n<\/div>\n<\/div>\n<\/div>\n<\/section>\n\n\n\n<section class=\"wp-block-group alignfull has-text-color has-background has-global-padding is-layout-constrained wp-container-core-group-is-layout-20 wp-block-group-is-layout-constrained\" style=\"color:#03081e;background-color:#ffffff;margin-top:0px;padding-top:5.01rem;padding-right:1rem;padding-bottom:5.5rem;padding-left:1rem;font-size:clamp(0.875rem, 0.875rem + ((1vw - 0.2rem) * 0.464), 1.13rem);font-style:normal;font-weight:400;line-height:1.4\">\n<div class=\"wp-block-columns is-layout-flex wp-container-core-columns-is-layout-3 wp-block-columns-is-layout-flex\" style=\"margin-bottom:0px\">\n<div class=\"wp-block-column has-global-padding is-content-justification-left is-layout-constrained wp-container-core-column-is-layout-6 wp-block-column-is-layout-constrained\" style=\"flex-basis:45%\">\n<figure class=\"wp-block-image aligncenter size-full is-resized\" style=\"margin-top:var(--wp--preset--spacing--20);margin-right:var(--wp--preset--spacing--40);margin-bottom:var(--wp--preset--spacing--20);margin-left:var(--wp--preset--spacing--40)\"><img loading=\"lazy\" decoding=\"async\" width=\"1452\" height=\"968\" src=\"https:\/\/conceptclimbing.nl\/wp-content\/uploads\/2025\/01\/Chris4-edited.jpg\" alt=\"\" class=\"wp-image-178\" style=\"aspect-ratio:1;object-fit:cover;width:446px\" srcset=\"https:\/\/conceptclimbing.nl\/wp-content\/uploads\/2025\/01\/Chris4-edited.jpg 1452w, https:\/\/conceptclimbing.nl\/wp-content\/uploads\/2025\/01\/Chris4-edited-300x200.jpg 300w, https:\/\/conceptclimbing.nl\/wp-content\/uploads\/2025\/01\/Chris4-edited-1024x683.jpg 1024w, https:\/\/conceptclimbing.nl\/wp-content\/uploads\/2025\/01\/Chris4-edited-768x512.jpg 768w\" sizes=\"auto, (max-width: 1452px) 100vw, 1452px\" \/><\/figure>\n<\/div>\n\n\n\n<div class=\"wp-block-column is-layout-flow wp-block-column-is-layout-flow\">\n<div class=\"wp-block-group is-vertical is-content-justification-left is-layout-flex wp-container-core-group-is-layout-19 wp-block-group-is-layout-flex\" style=\"min-height:100%\">\n<div class=\"wp-block-group has-global-padding is-content-justification-center is-layout-constrained wp-container-core-group-is-layout-18 wp-block-group-is-layout-constrained\">\n<h2 class=\"wp-block-heading has-text-align-left has-text-color\" style=\"color:#07277c;margin-top:0.5rem;margin-right:0;margin-bottom:1.01rem;font-size:clamp(1.556rem, 1.556rem + ((1vw - 0.2rem) * 1.916), 2.61rem);font-style:normal;font-weight:600;letter-spacing:0px;line-height:1.3;text-transform:capitalize\">Over mij<\/h2>\n\n\n\n<p class=\"has-text-align-left has-text-color has-medium-font-size\" style=\"color:#03081e\">Hi, ik ben Christiane! Klimmer sinds 2016, lid van het Nederlands team paraklimmen sinds 2021, meervoudig world cup winnaar en Europees kampioen. Door de jaren heen heb ik het meeste geleerd van de mentale kant van klimmen, zowel in wedstrijden als in buitenklimmen (want angst in de wand is mij zeker niet vreemd!) <br><br>In mijn eigen klimmen focus ik daarom vooral op mijn comfort zone langzaam uitbreiden en daardoor continu nieuwe dingen leren. Ik wil mijn trainingservaring graag met mensen delen, of je nu net begonnen bent met klimmen of al meer ervaren bent, tot ~6c boulder-niveau.<\/p>\n\n\n\n<div class=\"wp-block-group has-global-padding is-content-justification-left is-layout-constrained wp-container-core-group-is-layout-17 wp-block-group-is-layout-constrained\" style=\"margin-top:0px\">\n<div class=\"wp-block-buttons is-horizontal is-content-justification-left is-layout-flex wp-container-core-buttons-is-layout-2 wp-block-buttons-is-layout-flex\" style=\"margin-top:2.51rem\">\n<div class=\"wp-block-button has-custom-width wp-block-button__width-100 has-custom-font-size is-style-fill\" style=\"font-size:clamp(0.875rem, 0.875rem + ((1vw - 0.2rem) * 0.609), 1.21rem);font-style:normal;font-weight:400;line-height:1;text-transform:capitalize\"><a class=\"wp-block-button__link has-custom-color-4-background-color has-text-color has-background wp-element-button\" href=\"https:\/\/conceptclimbing.nl\/nl\/over-mij\/\" style=\"border-style:none;border-width:0px;border-radius:1.33rem;color:#07277c;padding-top:1.1rem;padding-right:0.81rem;padding-bottom:1.1rem;padding-left:0.81rem\">More about me<\/a><\/div>\n<\/div>\n<\/div>\n<\/div>\n<\/div>\n<\/div>\n<\/div>\n<\/section>\n\n\n\n<section class=\"wp-block-cover alignfull is-light\" style=\"margin-top:0px;padding-top:0;padding-bottom:0rem;min-height:400px;aspect-ratio:unset;\"><span aria-hidden=\"true\" class=\"wp-block-cover__background has-white-background-color has-background-dim-30 has-background-dim\"><\/span><img loading=\"lazy\" decoding=\"async\" width=\"2000\" height=\"1180\" class=\"wp-block-cover__image-background wp-image-23\" alt=\"\" src=\"https:\/\/conceptclimbing.nl\/wp-content\/uploads\/2025\/01\/waterverf-e1736763630368.png\" style=\"object-position:48% 100%\" data-object-fit=\"cover\" data-object-position=\"48% 100%\" srcset=\"https:\/\/conceptclimbing.nl\/wp-content\/uploads\/2025\/01\/waterverf-e1736763630368.png 2000w, https:\/\/conceptclimbing.nl\/wp-content\/uploads\/2025\/01\/waterverf-e1736763630368-300x177.png 300w, https:\/\/conceptclimbing.nl\/wp-content\/uploads\/2025\/01\/waterverf-e1736763630368-1024x604.png 1024w, https:\/\/conceptclimbing.nl\/wp-content\/uploads\/2025\/01\/waterverf-e1736763630368-768x453.png 768w, https:\/\/conceptclimbing.nl\/wp-content\/uploads\/2025\/01\/waterverf-e1736763630368-1536x906.png 1536w\" sizes=\"auto, (max-width: 2000px) 100vw, 2000px\" \/><div class=\"wp-block-cover__inner-container has-global-padding is-layout-constrained wp-container-core-cover-is-layout-2 wp-block-cover-is-layout-constrained\">\n<div class=\"wp-block-group alignfull has-text-color has-global-padding is-layout-constrained wp-container-core-group-is-layout-25 wp-block-group-is-layout-constrained\" style=\"color:#252525;margin-top:0px;padding-top:0rem;padding-right:1rem;padding-bottom:0rem;padding-left:1rem;font-size:clamp(0.875rem, 0.875rem + ((1vw - 0.2rem) * 0.464), 1.13rem);font-style:normal;font-weight:400;line-height:1.4\">\n<div class=\"wp-block-group is-vertical is-content-justification-center is-layout-flex wp-container-core-group-is-layout-24 wp-block-group-is-layout-flex\" style=\"padding-top:0;padding-bottom:0\">\n<div class=\"wp-block-group has-global-padding is-layout-constrained wp-container-core-group-is-layout-23 wp-block-group-is-layout-constrained\">\n<h2 class=\"wp-block-heading has-text-align-center has-text-color\" style=\"color:#07277c;margin-bottom:1.11rem;font-size:clamp(1.556rem, 1.556rem + ((1vw - 0.2rem) * 1.916), 2.61rem);font-style:normal;font-weight:600;line-height:1.2;text-transform:capitalize\">Neem contact op!<\/h2>\n\n\n\n<p class=\"has-text-align-center has-text-color\" style=\"color:#03081e;margin-top:0rem;font-size:clamp(0.875rem, 0.875rem + ((1vw - 0.2rem) * 0.427), 1.11rem);font-style:normal;font-weight:400;line-height:1.6\">Interesse in een trainingssessie? Vragen? Neem contact op via mail of instagram!<\/p>\n\n\n\n<div class=\"wp-block-group is-vertical is-content-justification-stretch is-layout-flex wp-container-core-group-is-layout-22 wp-block-group-is-layout-flex\" style=\"margin-top:0rem;padding-right:0px;padding-left:0px\">\n<div class=\"wp-block-group has-global-padding is-content-justification-center is-layout-constrained wp-container-core-group-is-layout-21 wp-block-group-is-layout-constrained\" style=\"margin-top:0px\">\n<div class=\"wp-block-buttons is-horizontal is-content-justification-right is-layout-flex wp-container-core-buttons-is-layout-3 wp-block-buttons-is-layout-flex\" style=\"margin-top:2.21rem\">\n<div class=\"wp-block-button has-custom-width wp-block-button__width-100 has-custom-font-size is-style-fill\" style=\"font-size:clamp(0.875rem, 0.875rem + ((1vw - 0.2rem) * 0.609), 1.21rem);font-style:normal;font-weight:400;line-height:1;text-transform:capitalize\"><a class=\"wp-block-button__link has-custom-color-4-background-color has-text-color has-background wp-element-button\" href=\"https:\/\/conceptclimbing.nl\/nl\/contact\/\" style=\"border-style:none;border-width:0px;border-radius:1.33rem;color:#07277c;padding-top:1.1rem;padding-right:0.81rem;padding-bottom:1.1rem;padding-left:0.81rem\">Contact<\/a><\/div>\n<\/div>\n<\/div>\n<\/div>\n<\/div>\n<\/div>\n<\/div>\n<\/div><\/section>","protected":false},"excerpt":{"rendered":"<p>Services Personal Training Book a training session to explore where you could most improve your climbing! Work on technique or the more psychological aspects of climbing such as fear on the wall. Training series: Mind Tricks Four sessions about dynamic and static climbing, some mind tricks, and a comp simulation where you&#8217;ll need all those [&hellip;]<\/p>\n","protected":false},"author":1,"featured_media":0,"parent":0,"menu_order":0,"comment_status":"closed","ping_status":"closed","template":"","meta":{"footnotes":""},"class_list":["post-9","page","type-page","status-publish","hentry"],"_links":{"self":[{"href":"https:\/\/conceptclimbing.nl\/nl\/wp-json\/wp\/v2\/pages\/9","targetHints":{"allow":["GET"]}}],"collection":[{"href":"https:\/\/conceptclimbing.nl\/nl\/wp-json\/wp\/v2\/pages"}],"about":[{"href":"https:\/\/conceptclimbing.nl\/nl\/wp-json\/wp\/v2\/types\/page"}],"author":[{"embeddable":true,"href":"https:\/\/conceptclimbing.nl\/nl\/wp-json\/wp\/v2\/users\/1"}],"replies":[{"embeddable":true,"href":"https:\/\/conceptclimbing.nl\/nl\/wp-json\/wp\/v2\/comments?post=9"}],"version-history":[{"count":67,"href":"https:\/\/conceptclimbing.nl\/nl\/wp-json\/wp\/v2\/pages\/9\/revisions"}],"predecessor-version":[{"id":373,"href":"https:\/\/conceptclimbing.nl\/nl\/wp-json\/wp\/v2\/pages\/9\/revisions\/373"}],"wp:attachment":[{"href":"https:\/\/conceptclimbing.nl\/nl\/wp-json\/wp\/v2\/media?parent=9"}],"curies":[{"name":"wp","href":"https:\/\/api.w.org\/{rel}","templated":true}]}}